{"id":292,"date":"2017-06-21T04:59:35","date_gmt":"2017-06-21T04:59:35","guid":{"rendered":"http:\/\/smartdata.tonytemplates.com\/cleaning-service\/?page_id=292"},"modified":"2021-04-17T23:40:40","modified_gmt":"2021-04-17T21:40:40","slug":"uslugi","status":"publish","type":"page","link":"https:\/\/czystotu.com\/?page_id=292","title":{"rendered":"Us\u0142ugi"},"content":{"rendered":"<p>[vc_row][vc_column][vc_column_text]<\/p>\n<h2 style=\"text-align: center;\">Nasze us\u0142ugi<\/h2>\n<p style=\"text-align: center;\"><img loading=\"lazy\" decoding=\"async\" class=\"alignnone size-medium wp-image-51\" src=\"http:\/\/czystotu.com\/wp-content\/uploads\/2017\/06\/h-decor-300x4.png\" alt=\"\" width=\"300\" height=\"4\" srcset=\"https:\/\/czystotu.com\/wp-content\/uploads\/2017\/06\/h-decor-300x4.png 300w, https:\/\/czystotu.com\/wp-content\/uploads\/2017\/06\/h-decor-357x6.png 357w, https:\/\/czystotu.com\/wp-content\/uploads\/2017\/06\/h-decor-369x6.png 369w, https:\/\/czystotu.com\/wp-content\/uploads\/2017\/06\/h-decor.png 403w\" sizes=\"auto, (max-width: 300px) 100vw, 300px\" \/><\/p>\n<p>[\/vc_column_text][\/vc_column][\/vc_row][vc_row full_width=&#8221;stretch_row_content&#8221;][vc_column][vc_empty_space height=&#8221;50px&#8221;][\/vc_column][\/vc_row][vc_row css=&#8221;.vc_custom_1618443144047{padding-left: px !important;}&#8221;][vc_column]\n            <div class=\"row services-grid\">\n            \n        <div class=\"col-sm-2 col-lg-4\">\n            <div class=\"service-card\">\n                <div class=\"service-card-icon\">\n                                        <i class=\"icon icon-house\"><\/i>\n                                \n                <\/div>\n                <h5 class=\"service-card-title\">Budynki mieszkalne<\/h5>\n                <ul class=\"service-card-list\">\n                                    <li>Klatki schodowe<\/li>\n                                    <li>Korytarze piwniczne<\/li>\n                                    <li>Gara\u017ce podziemne<\/li>\n                                <\/ul>\n                            <\/div>\n        <\/div>\n\n                    <\/div>\n\n        [\/vc_column][\/vc_row][vc_row full_width=&#8221;stretch_row&#8221; css=&#8221;.vc_custom_1618478439092{background-image: url(http:\/\/czystotu.com\/wp-content\/uploads\/2019\/02\/cropped-block-bg-7.jpg?id=1291) !important;}&#8221;][vc_column width=&#8221;1\/2&#8243;][vc_column_text css=&#8221;.vc_custom_1618681463384{margin-bottom: 0px !important;}&#8221;]<\/p>\n<ul class=\"marker-list\">\n<li>Dezynfekcja domofon\u00f3w, klamek, wind, por\u0119czy, skrzynek pocztowych, gablot<\/li>\n<li>Mycie kloszy, lamp na klatce schodowej oraz przed wej\u015bciem do budynku<\/li>\n<li>Mycie drzwi wej\u015bciowych do budynku, piwnicy, gara\u017cu podziemnego<\/li>\n<li>Mycie pod\u0142ogi klatek schodowych, korytarzy, wind<\/li>\n<li>Mycie szyb oraz okien otwieranych do wewn\u0105trz<\/li>\n<li>Mycie i piel\u0119gnacja wn\u0119trza windy<\/li>\n<li>Przecieranie na mokro klamek, por\u0119czy, skrzynek pocztowych, gablot informacyjnych, parapet\u00f3w okiennych<\/li>\n<li>Usuwanie paj\u0119czyn na klatce schodowej, ulotek reklamowych<\/li>\n<li>Przecieranie na mokro metalowych barierek, kaloryfer\u00f3w<\/li>\n<li>Zamiatanie klatek schodowych<\/li>\n<li>Zamiatanie i mycie korytarzy w piwnicach<\/li>\n<\/ul>\n<p>[\/vc_column_text][\/vc_column][vc_column width=&#8221;1\/2&#8243;][vc_column_text css=&#8221;.vc_custom_1618681506761{margin-bottom: 0px !important;padding-left: 40px !important;}&#8221;]<\/p>\n<ul class=\"marker-list\">\n<li>Usuwanie paj\u0119czyn w piwnicach<\/li>\n<li>Czyszczenie odp\u0142yw\u00f3w liniowych w gara\u017cu podziemnym<\/li>\n<li>Mycie drzwi do gara\u017cu podziemnego<\/li>\n<li>Mycie maszynowe gara\u017cu podziemnego<\/li>\n<li>Odkurzanie gara\u017cu podziemnego<\/li>\n<li>Usuwanie paj\u0119czyn w gara\u017cu podziemnym<\/li>\n<li>Zamiatanie r\u0119czne gara\u017cu podziemnego<\/li>\n<li>Zamiatanie maszynowe gara\u017cu podziemnego<\/li>\n<li>Zbieranie \u015bmieci w gara\u017cu podziemnym<\/li>\n<li>Sprz\u0105tanie mieszkania po remoncie<\/li>\n<li>Sprz\u0105tanie mieszkania po wynajmie<\/li>\n<li>Mo\u017cliwo\u015b\u0107 i zakres wykonania innych niewymienionych czynno\u015bci do uzgodnienia z klientem<\/li>\n<\/ul>\n<p>[\/vc_column_text][\/vc_column][\/vc_row][vc_row][vc_column][vc_empty_space height=&#8221;100px&#8221;][\/vc_column][\/vc_row][vc_row][vc_column]\n            <div class=\"row services-carousel arrows-center\">\n            \n        <div class=\"col-sm-2 col-lg-4\">\n            <div class=\"service-card\">\n                <div class=\"service-card-icon\">\n                                        <i class=\"icon icon-leaf\"><\/i>\n                                \n                <\/div>\n                <h5 class=\"service-card-title\">Tereny zielone<\/h5>\n                <ul class=\"service-card-list\">\n                                    <li>Trawniki<\/li>\n                                    <li>Drzewa i krzewy<\/li>\n                                    <li>Rabaty kwiatowe<\/li>\n                                    <li>Chodniki i parkingi<\/li>\n                                <\/ul>\n                            <\/div>\n        <\/div>\n\n                    <\/div>\n\n        [\/vc_column][\/vc_row][vc_row full_width=&#8221;stretch_row&#8221; css=&#8221;.vc_custom_1618185912667{background-image: url(http:\/\/czystotu.com\/wp-content\/uploads\/2019\/02\/block-bg-3.jpg?id=1191) !important;}&#8221;][vc_column width=&#8221;1\/2&#8243;][vc_column_text css=&#8221;.vc_custom_1618681596209{margin-bottom: 0px !important;}&#8221;]<\/p>\n<ul class=\"marker-list\">\n<li>Grabienie li\u015bci<\/li>\n<li>Koszenie trawnik\u00f3w<\/li>\n<li>Mycie wiaty \u015bmietnikowej myjk\u0105 ci\u015bnieniow\u0105<\/li>\n<li>Nasadzenia kwiat\u00f3w, krzew\u00f3w, drzew<\/li>\n<li>Od\u015bnie\u017canie chodnik\u00f3w, schod\u00f3w oraz wyjazd\u00f3w z gara\u017cy podziemnych ? wg potrzeb (r\u00f3wnie\u017c w weekendy)<\/li>\n<li>Od\u015bnie\u017canie maszynowe chodnik\u00f3w, parking\u00f3w i dr\u00f3g dojazdowych<\/li>\n<li>Opr\u00f3\u017cnianie ma\u0142ych koszy na \u015bmieci<\/li>\n<\/ul>\n<p>[\/vc_column_text][\/vc_column][vc_column width=&#8221;1\/2&#8243;][vc_column_text css=&#8221;.vc_custom_1618681631852{margin-bottom: 0px !important;}&#8221;]<\/p>\n<ul class=\"marker-list\">\n<li>Piel\u0119gnacja kwietnik\u00f3w, przycinanie krzew\u00f3w i \u017cywop\u0142ot\u00f3w<\/li>\n<li>Posypywanie sol\u0105 drogow\u0105 oraz piaskiem chodnik\u00f3w i wyjazd\u00f3w z gara\u017cy podziemnych ? wg potrzeb (r\u00f3wnie\u017c w weekendy)<\/li>\n<li>Usuwanie chwast\u00f3w z kostki brukowej r\u0119cznie oraz \u015brodkami ekologicznymi<\/li>\n<li>Usuwanie skutk\u00f3w go\u0142oledzi na chodnikach, schodach oraz podjazdach do gara\u017cy ? wg potrzeb (r\u00f3wnie\u017c w weekendy)<\/li>\n<li>Zamiatanie chodnik\u00f3w, parking\u00f3w zewn\u0119trznych, altan \u015bmietnikowych<\/li>\n<li>Zbieranie \u015bmieci z terenu placu zabaw<\/li>\n<\/ul>\n<p>[\/vc_column_text][\/vc_column][\/vc_row][vc_row][vc_column][vc_empty_space height=&#8221;100px&#8221;]\n            <div class=\"row services-carousel arrows-center\">\n            \n        <div class=\"col-sm-2 col-lg-4\">\n            <div class=\"service-card\">\n                <div class=\"service-card-icon\">\n                                        <i class=\"icon icon-house-1\"><\/i>\n                                \n                <\/div>\n                <h5 class=\"service-card-title\">Budynki komercyjne i publiczne<\/h5>\n                <ul class=\"service-card-list\">\n                                    <li>Biura<\/li>\n                                    <li>Hale magazynowe<\/li>\n                                    <li>Szko\u0142y i przedszkola<\/li>\n                                    <li>Przychodnie zdrowia<\/li>\n                                    <li>Obiekty sakralne<\/li>\n                                <\/ul>\n                            <\/div>\n        <\/div>\n\n                    <\/div>\n\n        [\/vc_column][\/vc_row][vc_row full_width=&#8221;stretch_row&#8221; css=&#8221;.vc_custom_1618185912667{background-image: url(http:\/\/czystotu.com\/wp-content\/uploads\/2019\/02\/block-bg-3.jpg?id=1191) !important;}&#8221;][vc_column][vc_column_text css=&#8221;.vc_custom_1618681710045{margin-bottom: 0px !important;}&#8221;]<\/p>\n<h5>\u015awiadczymy wszystkie us\u0142ugi dotycz\u0105ce Budynk\u00f3w mieszkalnych oraz Teren\u00f3w zielonych i ponadto:<\/h5>\n<ul class=\"marker-list\">\n<li>Sprz\u0105tanie biur, pomieszcze\u0144 socjalnych, zapleczy, toalet<\/li>\n<li>Uzupe\u0142nianie \u015brodk\u00f3w czysto\u015bci w dozownikach<\/li>\n<li>Uzupe\u0142nianie r\u0119cznik\u00f3w papierowych oraz papieru toaletowego<\/li>\n<li>Sprz\u0105tanie hal magazynowych<\/li>\n<li>Mo\u017cliwo\u015b\u0107 i zakres wykonania innych niewymienionych czynno\u015bci do uzgodnienia z klientem<\/li>\n<\/ul>\n<p>[\/vc_column_text][\/vc_column][\/vc_row][vc_row][vc_column][vc_empty_space height=&#8221;170px&#8221;][\/vc_column][\/vc_row]<\/p>\n","protected":false},"excerpt":{"rendered":"<p>[vc_row][vc_column][vc_column_text] Nasze us\u0142ugi [\/vc_column_text][\/vc_column][\/vc_row][vc_row full_width=&#8221;stretch_row_content&#8221;][vc_column][vc_empty_space height=&#8221;50px&#8221;][\/vc_column][\/vc_row][vc_row css=&#8221;.vc_custom_1618443144047{padding-left: px !important;}&#8221;][vc_column][\/vc_column][\/vc_row][vc_row full_width=&#8221;stretch_row&#8221; css=&#8221;.vc_custom_1618478439092{background-image: url(http:\/\/czystotu.com\/wp-content\/uploads\/2019\/02\/cropped-block-bg-7.jpg?id=1291) !important;}&#8221;][vc_column width=&#8221;1\/2&#8243;][vc_column_text css=&#8221;.vc_custom_1618681463384{margin-bottom: 0px !important;}&#8221;] Dezynfekcja domofon\u00f3w, klamek, wind, por\u0119czy, skrzynek pocztowych, gablot Mycie kloszy, lamp na klatce schodowej oraz przed wej\u015bciem do budynku Mycie drzwi wej\u015bciowych do budynku, piwnicy, gara\u017cu podziemnego Mycie pod\u0142ogi klatek schodowych, korytarzy, wind Mycie szyb oraz okien otwieranych [&hellip;]<\/p>\n","protected":false},"author":1,"featured_media":0,"parent":0,"menu_order":0,"comment_status":"closed","ping_status":"closed","template":"","meta":{"footnotes":""},"class_list":["post-292","page","type-page","status-publish","hentry"],"yoast_head":"<!-- This site is optimized with the Yoast SEO plugin v19.10 - https:\/\/yoast.com\/wordpress\/plugins\/seo\/ -->\n<title>Us\u0142ugi - Firma sprz\u0105taj\u0105ca CZYSTO TU Lublin i okolice<\/title>\n<meta name=\"description\" content=\"Sprz\u0105tanie bok\u00f3w mieszkalnych, hal magazynowych, biur,mycie gara\u017cy, koszenie trawnik\u00f3w, przycinanie krzew\u00f3w, grabienie li\u015bci, od\u015bnie\u017canie\" \/>\n<meta name=\"robots\" content=\"index, follow, max-snippet:-1, max-image-preview:large, max-video-preview:-1\" \/>\n<link rel=\"canonical\" href=\"https:\/\/czystotu.com\/?page_id=292\" \/>\n<meta property=\"og:locale\" content=\"pl_PL\" \/>\n<meta property=\"og:type\" content=\"article\" \/>\n<meta property=\"og:title\" content=\"Us\u0142ugi - Firma sprz\u0105taj\u0105ca CZYSTO TU Lublin i okolice\" \/>\n<meta property=\"og:description\" content=\"Sprz\u0105tanie bok\u00f3w mieszkalnych, hal magazynowych, biur,mycie gara\u017cy, koszenie trawnik\u00f3w, przycinanie krzew\u00f3w, grabienie li\u015bci, od\u015bnie\u017canie\" \/>\n<meta property=\"og:url\" content=\"https:\/\/czystotu.com\/?page_id=292\" \/>\n<meta property=\"og:site_name\" content=\"Firma sprz\u0105taj\u0105ca CZYSTO TU\" \/>\n<meta property=\"article:modified_time\" content=\"2021-04-17T21:40:40+00:00\" \/>\n<meta property=\"og:image\" content=\"http:\/\/czystotu.com\/wp-content\/uploads\/2017\/06\/h-decor-300x4.png\" \/>\n<meta name=\"twitter:card\" content=\"summary_large_image\" \/>\n<meta name=\"twitter:label1\" content=\"Szacowany czas czytania\" \/>\n\t<meta name=\"twitter:data1\" content=\"2 minuty\" \/>\n<script type=\"application\/ld+json\" class=\"yoast-schema-graph\">{\"@context\":\"https:\/\/schema.org\",\"@graph\":[{\"@type\":\"WebPage\",\"@id\":\"https:\/\/czystotu.com\/?page_id=292\",\"url\":\"https:\/\/czystotu.com\/?page_id=292\",\"name\":\"Us\u0142ugi - Firma sprz\u0105taj\u0105ca CZYSTO TU Lublin i okolice\",\"isPartOf\":{\"@id\":\"https:\/\/czystotu.com\/#website\"},\"datePublished\":\"2017-06-21T04:59:35+00:00\",\"dateModified\":\"2021-04-17T21:40:40+00:00\",\"description\":\"Sprz\u0105tanie bok\u00f3w mieszkalnych, hal magazynowych, biur,mycie gara\u017cy, koszenie trawnik\u00f3w, przycinanie krzew\u00f3w, grabienie li\u015bci, od\u015bnie\u017canie\",\"breadcrumb\":{\"@id\":\"https:\/\/czystotu.com\/?page_id=292#breadcrumb\"},\"inLanguage\":\"pl-PL\",\"potentialAction\":[{\"@type\":\"ReadAction\",\"target\":[\"https:\/\/czystotu.com\/?page_id=292\"]}]},{\"@type\":\"BreadcrumbList\",\"@id\":\"https:\/\/czystotu.com\/?page_id=292#breadcrumb\",\"itemListElement\":[{\"@type\":\"ListItem\",\"position\":1,\"name\":\"Strona g\u0142\u00f3wna\",\"item\":\"https:\/\/czystotu.com\/\"},{\"@type\":\"ListItem\",\"position\":2,\"name\":\"Us\u0142ugi\"}]},{\"@type\":\"WebSite\",\"@id\":\"https:\/\/czystotu.com\/#website\",\"url\":\"https:\/\/czystotu.com\/\",\"name\":\"Firma sprz\u0105taj\u0105ca CZYSTO TU\",\"description\":\"Firma sprz\u0105taj\u0105ca Lublin, kompleksowa obs\u0142uga wsp\u00f3lnot mieszkaniowych, sp\u00f3\u0142dzielni mieszkaniowych, sprz\u0105tanie budynk\u00f3w, piel\u0119gnacja zieleni\",\"potentialAction\":[{\"@type\":\"SearchAction\",\"target\":{\"@type\":\"EntryPoint\",\"urlTemplate\":\"https:\/\/czystotu.com\/?s={search_term_string}\"},\"query-input\":\"required name=search_term_string\"}],\"inLanguage\":\"pl-PL\"}]}<\/script>\n<!-- \/ Yoast SEO plugin. -->","yoast_head_json":{"title":"Us\u0142ugi - Firma sprz\u0105taj\u0105ca CZYSTO TU Lublin i okolice","description":"Sprz\u0105tanie bok\u00f3w mieszkalnych, hal magazynowych, biur,mycie gara\u017cy, koszenie trawnik\u00f3w, przycinanie krzew\u00f3w, grabienie li\u015bci, od\u015bnie\u017canie","robots":{"index":"index","follow":"follow","max-snippet":"max-snippet:-1","max-image-preview":"max-image-preview:large","max-video-preview":"max-video-preview:-1"},"canonical":"https:\/\/czystotu.com\/?page_id=292","og_locale":"pl_PL","og_type":"article","og_title":"Us\u0142ugi - Firma sprz\u0105taj\u0105ca CZYSTO TU Lublin i okolice","og_description":"Sprz\u0105tanie bok\u00f3w mieszkalnych, hal magazynowych, biur,mycie gara\u017cy, koszenie trawnik\u00f3w, przycinanie krzew\u00f3w, grabienie li\u015bci, od\u015bnie\u017canie","og_url":"https:\/\/czystotu.com\/?page_id=292","og_site_name":"Firma sprz\u0105taj\u0105ca CZYSTO TU","article_modified_time":"2021-04-17T21:40:40+00:00","og_image":[{"url":"http:\/\/czystotu.com\/wp-content\/uploads\/2017\/06\/h-decor-300x4.png"}],"twitter_card":"summary_large_image","twitter_misc":{"Szacowany czas czytania":"2 minuty"},"schema":{"@context":"https:\/\/schema.org","@graph":[{"@type":"WebPage","@id":"https:\/\/czystotu.com\/?page_id=292","url":"https:\/\/czystotu.com\/?page_id=292","name":"Us\u0142ugi - Firma sprz\u0105taj\u0105ca CZYSTO TU Lublin i okolice","isPartOf":{"@id":"https:\/\/czystotu.com\/#website"},"datePublished":"2017-06-21T04:59:35+00:00","dateModified":"2021-04-17T21:40:40+00:00","description":"Sprz\u0105tanie bok\u00f3w mieszkalnych, hal magazynowych, biur,mycie gara\u017cy, koszenie trawnik\u00f3w, przycinanie krzew\u00f3w, grabienie li\u015bci, od\u015bnie\u017canie","breadcrumb":{"@id":"https:\/\/czystotu.com\/?page_id=292#breadcrumb"},"inLanguage":"pl-PL","potentialAction":[{"@type":"ReadAction","target":["https:\/\/czystotu.com\/?page_id=292"]}]},{"@type":"BreadcrumbList","@id":"https:\/\/czystotu.com\/?page_id=292#breadcrumb","itemListElement":[{"@type":"ListItem","position":1,"name":"Strona g\u0142\u00f3wna","item":"https:\/\/czystotu.com\/"},{"@type":"ListItem","position":2,"name":"Us\u0142ugi"}]},{"@type":"WebSite","@id":"https:\/\/czystotu.com\/#website","url":"https:\/\/czystotu.com\/","name":"Firma sprz\u0105taj\u0105ca CZYSTO TU","description":"Firma sprz\u0105taj\u0105ca Lublin, kompleksowa obs\u0142uga wsp\u00f3lnot mieszkaniowych, sp\u00f3\u0142dzielni mieszkaniowych, sprz\u0105tanie budynk\u00f3w, piel\u0119gnacja zieleni","potentialAction":[{"@type":"SearchAction","target":{"@type":"EntryPoint","urlTemplate":"https:\/\/czystotu.com\/?s={search_term_string}"},"query-input":"required name=search_term_string"}],"inLanguage":"pl-PL"}]}},"_links":{"self":[{"href":"https:\/\/czystotu.com\/index.php?rest_route=\/wp\/v2\/pages\/292","targetHints":{"allow":["GET"]}}],"collection":[{"href":"https:\/\/czystotu.com\/index.php?rest_route=\/wp\/v2\/pages"}],"about":[{"href":"https:\/\/czystotu.com\/index.php?rest_route=\/wp\/v2\/types\/page"}],"author":[{"embeddable":true,"href":"https:\/\/czystotu.com\/index.php?rest_route=\/wp\/v2\/users\/1"}],"replies":[{"embeddable":true,"href":"https:\/\/czystotu.com\/index.php?rest_route=%2Fwp%2Fv2%2Fcomments&post=292"}],"version-history":[{"count":138,"href":"https:\/\/czystotu.com\/index.php?rest_route=\/wp\/v2\/pages\/292\/revisions"}],"predecessor-version":[{"id":3084,"href":"https:\/\/czystotu.com\/index.php?rest_route=\/wp\/v2\/pages\/292\/revisions\/3084"}],"wp:attachment":[{"href":"https:\/\/czystotu.com\/index.php?rest_route=%2Fwp%2Fv2%2Fmedia&parent=292"}],"curies":[{"name":"wp","href":"https:\/\/api.w.org\/{rel}","templated":true}]}}